{"id":9,"date":"2014-12-17T14:27:16","date_gmt":"2014-12-17T14:27:16","guid":{"rendered":"http:\/\/localhost:8080\/pid\/?page_id=9"},"modified":"2016-03-16T01:53:55","modified_gmt":"2016-03-16T01:53:55","slug":"objetivos","status":"publish","type":"page","link":"https:\/\/pid.iesp.edu.br\/index.php\/o-projeto\/objetivos\/","title":{"rendered":"Objetivos"},"content":{"rendered":"<h4><strong><a href=\"https:\/\/pid.iesp.edu.br\/pid\/wp-content\/uploads\/2014\/12\/target-market-icon.png\" rel=\"attachment wp-att-887\"><img loading=\"lazy\" decoding=\"async\" class=\"alignnone size-full wp-image-887\" src=\"https:\/\/pid.iesp.edu.br\/pid\/wp-content\/uploads\/2014\/12\/target-market-icon.png\" alt=\"target-market-icon\" width=\"256\" height=\"256\" srcset=\"https:\/\/pid.iesp.edu.br\/wp-content\/uploads\/2014\/12\/target-market-icon.png 256w, https:\/\/pid.iesp.edu.br\/wp-content\/uploads\/2014\/12\/target-market-icon-150x150.png 150w\" sizes=\"auto, (max-width: 256px) 100vw, 256px\" \/><\/a><br \/>\nGeral<\/strong><\/h4>\n<p style=\"text-align: justify;\">Oferecer cursos b\u00e1sicos de inform\u00e1tica para adolescentes de comunidades carentes. Propiciar a melhoria da qualidade de vida dos adolescentes, integrando-os ao mundo digital e valorizando a cidadania de quem ainda tem muito a aprender e contribuir.<\/p>\n<p style=\"text-align: justify;\">O projeto prioriza o aprendizado e a utiliza\u00e7\u00e3o da Web, o acesso gratuito aos servi\u00e7os, \u00e0s informa\u00e7\u00f5es e \u00e0s facilidades da Internet, orientado por profissionais treinados, quebrando as barreiras digitais que existem para muitas pessoas.<\/p>\n<h4 style=\"text-align: justify;\"><strong>Espec\u00edficos<\/strong><\/h4>\n<ul>\n<li>Ensinar no\u00e7\u00f5es b\u00e1sicas de funcionamento do microcomputador com um enfoque totalmente pr\u00e1tico<\/li>\n<li>Oferecer inclus\u00e3o digital para os adolescentes das comunidades pr\u00f3ximas ao IESP\/FATEC-PB<\/li>\n<li>Ensinar o Windows e o pacote do Office<\/li>\n<li>Ensinar e disponibilizar a navega\u00e7\u00e3o na Internet como meio de acesso \u00e0s informa\u00e7\u00f5es e ao conhecimento, gratuitamente<\/li>\n<li>Ensinar a utilizar o correio eletr\u00f4nico como ve\u00edculo de comunica\u00e7\u00e3o<\/li>\n<li>Orientar o uso da Internet para utiliza\u00e7\u00e3o de melhores pr\u00e1ticas de usu\u00e1rios<\/li>\n<li>Incluir atividades complementares aos alunos do curso de Sistema de Informa\u00e7\u00e3o e Sistemas para Internet (confec\u00e7\u00e3o do website, cria\u00e7\u00e3o de apostilas, discuss\u00e3o de artigos, busca de adolescentes, planejamento estrat\u00e9gico do projeto)<\/li>\n<\/ul>\n<p>&nbsp;<\/p>\n","protected":false},"excerpt":{"rendered":"<p>Geral Oferecer cursos b\u00e1sicos de inform\u00e1tica para adolescentes de comunidades carentes. Propiciar a melhoria da qualidade de vida dos adolescentes, integrando-os ao mundo digital e valorizando a cidadania de quem ainda tem muito a aprender e contribuir. O projeto prioriza o aprendizado e a utiliza\u00e7\u00e3o da Web, o acesso gratuito aos servi\u00e7os, \u00e0s informa\u00e7\u00f5es e [&hellip;]<\/p>\n","protected":false},"author":2,"featured_media":887,"parent":207,"menu_order":1,"comment_status":"open","ping_status":"open","template":"","meta":{"_bbp_topic_count":0,"_bbp_reply_count":0,"_bbp_total_topic_count":0,"_bbp_total_reply_count":0,"_bbp_voice_count":0,"_bbp_anonymous_reply_count":0,"_bbp_topic_count_hidden":0,"_bbp_reply_count_hidden":0,"_bbp_forum_subforum_count":0,"ngg_post_thumbnail":0,"footnotes":""},"class_list":["post-9","page","type-page","status-publish","has-post-thumbnail","czr-hentry"],"_links":{"self":[{"href":"https:\/\/pid.iesp.edu.br\/index.php\/wp-json\/wp\/v2\/pages\/9","targetHints":{"allow":["GET"]}}],"collection":[{"href":"https:\/\/pid.iesp.edu.br\/index.php\/wp-json\/wp\/v2\/pages"}],"about":[{"href":"https:\/\/pid.iesp.edu.br\/index.php\/wp-json\/wp\/v2\/types\/page"}],"author":[{"embeddable":true,"href":"https:\/\/pid.iesp.edu.br\/index.php\/wp-json\/wp\/v2\/users\/2"}],"replies":[{"embeddable":true,"href":"https:\/\/pid.iesp.edu.br\/index.php\/wp-json\/wp\/v2\/comments?post=9"}],"version-history":[{"count":8,"href":"https:\/\/pid.iesp.edu.br\/index.php\/wp-json\/wp\/v2\/pages\/9\/revisions"}],"predecessor-version":[{"id":889,"href":"https:\/\/pid.iesp.edu.br\/index.php\/wp-json\/wp\/v2\/pages\/9\/revisions\/889"}],"up":[{"embeddable":true,"href":"https:\/\/pid.iesp.edu.br\/index.php\/wp-json\/wp\/v2\/pages\/207"}],"wp:featuredmedia":[{"embeddable":true,"href":"https:\/\/pid.iesp.edu.br\/index.php\/wp-json\/wp\/v2\/media\/887"}],"wp:attachment":[{"href":"https:\/\/pid.iesp.edu.br\/index.php\/wp-json\/wp\/v2\/media?parent=9"}],"curies":[{"name":"wp","href":"https:\/\/api.w.org\/{rel}","templated":true}]}}