{"id":207,"date":"2015-02-05T18:19:17","date_gmt":"2015-02-05T18:19:17","guid":{"rendered":"http:\/\/localhost:8080\/pid\/?page_id=207"},"modified":"2016-03-16T02:10:25","modified_gmt":"2016-03-16T02:10:25","slug":"o-projeto","status":"publish","type":"page","link":"https:\/\/pid.iesp.edu.br\/index.php\/o-projeto\/","title":{"rendered":"O Projeto"},"content":{"rendered":"<h1 style=\"text-align: center;\">PID &#8211; Projeto de Inclus\u00e3o Digital<\/h1>\n<p style=\"text-align: justify;\">A iniciativa do projeto foi do Prof.\u00a0F\u00e1bio Nic\u00e1cio de Medeiros e da Profa. Sheyla Nat\u00e1lia de Medeiros\u00a0e\u00a0tem como objetivo principal oferecer cursos b\u00e1sicos de inform\u00e1tica para adolescentes de comunidades carentes na faixa et\u00e1ria dos 13 aos 16 anos e renda familiar inferior a dois sal\u00e1rios m\u00ednimos. Propiciar a melhoria da qualidade de vida dos adolescentes, integrando-os ao mundo digital e valorizando a cidadania de quem ainda tem muito a aprender e contribuir.<\/p>\n<p style=\"text-align: justify;\">O projeto prioriza o aprendizado e a utiliza\u00e7\u00e3o da Web, o acesso gratuito aos servi\u00e7os, \u00e0s informa\u00e7\u00f5es e \u00e0s facilidades da Internet, orientado por profissionais treinados, quebrando as barreiras digitais que existem para muitas pessoas.<\/p>\n<p style=\"text-align: justify;\">O curso ser\u00e1 oferecido semestralmente aos s\u00e1bados, pela manh\u00e3 das 8:00h \u00e0s 12:00h nos laborat\u00f3rios de inform\u00e1tica do IESP\/FATECPB.<\/p>\n<p style=\"text-align: justify;\">Os instrutores do s\u00e3o os pr\u00f3prios alunos dos cursos de inform\u00e1tica do IESP\/FATECPB, que s\u00e3o orientados por outros alunos (com mais experi\u00eancia did\u00e1tica).<\/p>\n<p style=\"text-align: justify;\">Os adolescentes beneficiados receber\u00e3o material did\u00e1tico (apostilas), pastas, lanches e uniforme inteiramente gr\u00e1tis, al\u00e9m de, ao final do curso, um certificado de conclus\u00e3o do mesmo, assinado pelo coordenador do curso de computa\u00e7\u00e3o.<\/p>\n","protected":false},"excerpt":{"rendered":"<p>PID &#8211; Projeto de Inclus\u00e3o Digital A iniciativa do projeto foi do Prof.\u00a0F\u00e1bio Nic\u00e1cio de Medeiros e da Profa. Sheyla Nat\u00e1lia de Medeiros\u00a0e\u00a0tem como objetivo principal oferecer cursos b\u00e1sicos de inform\u00e1tica para adolescentes de comunidades carentes na faixa et\u00e1ria dos 13 aos 16 anos e renda familiar inferior a dois sal\u00e1rios m\u00ednimos. Propiciar a melhoria [&hellip;]<\/p>\n","protected":false},"author":2,"featured_media":891,"parent":0,"menu_order":1,"comment_status":"open","ping_status":"open","template":"","meta":{"_bbp_topic_count":0,"_bbp_reply_count":0,"_bbp_total_topic_count":0,"_bbp_total_reply_count":0,"_bbp_voice_count":0,"_bbp_anonymous_reply_count":0,"_bbp_topic_count_hidden":0,"_bbp_reply_count_hidden":0,"_bbp_forum_subforum_count":0,"ngg_post_thumbnail":0,"footnotes":""},"class_list":["post-207","page","type-page","status-publish","has-post-thumbnail","czr-hentry"],"_links":{"self":[{"href":"https:\/\/pid.iesp.edu.br\/index.php\/wp-json\/wp\/v2\/pages\/207","targetHints":{"allow":["GET"]}}],"collection":[{"href":"https:\/\/pid.iesp.edu.br\/index.php\/wp-json\/wp\/v2\/pages"}],"about":[{"href":"https:\/\/pid.iesp.edu.br\/index.php\/wp-json\/wp\/v2\/types\/page"}],"author":[{"embeddable":true,"href":"https:\/\/pid.iesp.edu.br\/index.php\/wp-json\/wp\/v2\/users\/2"}],"replies":[{"embeddable":true,"href":"https:\/\/pid.iesp.edu.br\/index.php\/wp-json\/wp\/v2\/comments?post=207"}],"version-history":[{"count":5,"href":"https:\/\/pid.iesp.edu.br\/index.php\/wp-json\/wp\/v2\/pages\/207\/revisions"}],"predecessor-version":[{"id":886,"href":"https:\/\/pid.iesp.edu.br\/index.php\/wp-json\/wp\/v2\/pages\/207\/revisions\/886"}],"wp:featuredmedia":[{"embeddable":true,"href":"https:\/\/pid.iesp.edu.br\/index.php\/wp-json\/wp\/v2\/media\/891"}],"wp:attachment":[{"href":"https:\/\/pid.iesp.edu.br\/index.php\/wp-json\/wp\/v2\/media?parent=207"}],"curies":[{"name":"wp","href":"https:\/\/api.w.org\/{rel}","templated":true}]}}