{"id":19,"date":"2014-12-17T14:29:45","date_gmt":"2014-12-17T14:29:45","guid":{"rendered":"http:\/\/localhost:8080\/pid\/?page_id=19"},"modified":"2015-02-28T02:23:25","modified_gmt":"2015-02-28T02:23:25","slug":"cursos","status":"publish","type":"page","link":"https:\/\/pid.iesp.edu.br\/index.php\/cursos\/","title":{"rendered":"Curso"},"content":{"rendered":"<p>O cursso oferecidos pelo projeto de inclus\u00e3o digital ser\u00e3o divididos em seis m\u00f3dulos<\/p>\n<p><a href=\"http:\/\/localhost:8080\/pid\/cursos\/micro-informatica\/\" target=\"_blank\">[one_half][box type=&#8221;bio&#8221;] <strong>M\u00f3dulo 1:<\/strong> Introdu\u00e7\u00e3o \u00e0 Microinform\u00e1tica Conceitos B\u00e1sicos de Hardware e Software[\/box][\/one_half]<\/a><a href=\"http:\/\/localhost:8080\/pid\/cursos\/internet\/\" target=\"_blank\">[one_third][box type=&#8221;bio&#8221;] <strong>M\u00f3dulo 2:<\/strong> Internet[\/box][\/one_third][one_half][box type=&#8221;bio&#8221;] <strong>M\u00f3dulo 3:<\/strong><\/a><\/p>\n<p><a href=\"http:\/\/localhost:8080\/pid\/cursos\/operador-de-micro\/\" target=\"_blank\">Microsoft Windows[\/box][\/one_half][one_third][box type=&#8221;bio&#8221;] <strong>M\u00f3dulo 4:<\/strong> Microsoft Office Word[\/box][\/one_third]<\/a><br \/>\n<a href=\"http:\/\/localhost:8080\/pid\/cursos\/operador-de-micro\/\" target=\"_blank\">[one_half][box type=&#8221;bio&#8221;] <strong>M\u00f3dulo 5:<\/strong><\/a><\/p>\n<p><a href=\"http:\/\/localhost:8080\/pid\/cursos\/operador-de-micro\/\" target=\"_blank\">Microsoft Office Excel[\/box][\/one_half][one_third][box type=&#8221;bio&#8221;] <strong>M\u00f3dulo 6:<\/strong> Microsoft Office PowerPoint[\/box][\/one_third]<\/a><\/p>\n","protected":false},"excerpt":{"rendered":"<p>O cursso oferecidos pelo projeto de inclus\u00e3o digital ser\u00e3o divididos em seis m\u00f3dulos [one_half][box type=&#8221;bio&#8221;] M\u00f3dulo 1: Introdu\u00e7\u00e3o \u00e0 Microinform\u00e1tica Conceitos B\u00e1sicos de Hardware e Software[\/box][\/one_half][one_third][box type=&#8221;bio&#8221;] M\u00f3dulo 2: Internet[\/box][\/one_third][one_half][box type=&#8221;bio&#8221;] M\u00f3dulo 3: Microsoft Windows[\/box][\/one_half][one_third][box type=&#8221;bio&#8221;] M\u00f3dulo 4: Microsoft Office Word[\/box][\/one_third] [one_half][box type=&#8221;bio&#8221;] M\u00f3dulo 5: Microsoft Office Excel[\/box][\/one_half][one_third][box type=&#8221;bio&#8221;] M\u00f3dulo 6: Microsoft Office PowerPoint[\/box][\/one_third]<\/p>\n","protected":false},"author":2,"featured_media":0,"parent":0,"menu_order":2,"comment_status":"open","ping_status":"open","template":"","meta":{"_bbp_topic_count":0,"_bbp_reply_count":0,"_bbp_total_topic_count":0,"_bbp_total_reply_count":0,"_bbp_voice_count":0,"_bbp_anonymous_reply_count":0,"_bbp_topic_count_hidden":0,"_bbp_reply_count_hidden":0,"_bbp_forum_subforum_count":0,"ngg_post_thumbnail":0,"footnotes":""},"class_list":["post-19","page","type-page","status-publish","czr-hentry"],"_links":{"self":[{"href":"https:\/\/pid.iesp.edu.br\/index.php\/wp-json\/wp\/v2\/pages\/19","targetHints":{"allow":["GET"]}}],"collection":[{"href":"https:\/\/pid.iesp.edu.br\/index.php\/wp-json\/wp\/v2\/pages"}],"about":[{"href":"https:\/\/pid.iesp.edu.br\/index.php\/wp-json\/wp\/v2\/types\/page"}],"author":[{"embeddable":true,"href":"https:\/\/pid.iesp.edu.br\/index.php\/wp-json\/wp\/v2\/users\/2"}],"replies":[{"embeddable":true,"href":"https:\/\/pid.iesp.edu.br\/index.php\/wp-json\/wp\/v2\/comments?post=19"}],"version-history":[{"count":25,"href":"https:\/\/pid.iesp.edu.br\/index.php\/wp-json\/wp\/v2\/pages\/19\/revisions"}],"predecessor-version":[{"id":241,"href":"https:\/\/pid.iesp.edu.br\/index.php\/wp-json\/wp\/v2\/pages\/19\/revisions\/241"}],"wp:attachment":[{"href":"https:\/\/pid.iesp.edu.br\/index.php\/wp-json\/wp\/v2\/media?parent=19"}],"curies":[{"name":"wp","href":"https:\/\/api.w.org\/{rel}","templated":true}]}}