{"id":15,"date":"2014-12-17T14:28:54","date_gmt":"2014-12-17T14:28:54","guid":{"rendered":"http:\/\/localhost:8080\/pid\/?page_id=15"},"modified":"2016-03-18T18:06:14","modified_gmt":"2016-03-18T18:06:14","slug":"metas","status":"publish","type":"page","link":"https:\/\/pid.iesp.edu.br\/index.php\/o-projeto\/metas\/","title":{"rendered":"Metas"},"content":{"rendered":"<p>&nbsp;<\/p>\n<ul>\n<li style=\"text-align: justify;\">Aumentar o \u00cdndice de Desenvolvimento Humano (IDH) de Jo\u00e3o Pessoa e Cabedelo atrav\u00e9s da diminui\u00e7\u00e3o dos exclu\u00eddos digitalmente<\/li>\n<li style=\"text-align: justify;\">Possibilitar avan\u00e7os sociais \u00e0s classes mais baixas atrav\u00e9s do ingresso diferenciado ao mercado de trabalho<\/li>\n<li style=\"text-align: justify;\">Aumentar a renda familiar atrav\u00e9s da educa\u00e7\u00e3o digital que permite a ocupa\u00e7\u00e3o de melhores postos de trabalho<\/li>\n<li style=\"text-align: justify;\">Diminuir o abandono da escola no final no ensino fundamental<\/li>\n<li style=\"text-align: justify;\">Oportunizar a autonomia dos envolvidos na cria\u00e7\u00e3o de alternativas de trabalho no campo das tecnologias<\/li>\n<li style=\"text-align: justify;\">Aumentar o \u00cdndice de Avan\u00e7o Tecnol\u00f3gico (IAT), atrav\u00e9s da dissemina\u00e7\u00e3o do dom\u00ednio de novas tecnologias<\/li>\n<li style=\"text-align: justify;\">Qualificar os estudantes de gradua\u00e7\u00e3o atrav\u00e9s das pr\u00e1ticas enquanto estudantes em experi\u00eancia real<\/li>\n<li style=\"text-align: justify;\">Constru\u00e7\u00e3o e exerc\u00edcio da cidadania com a diminui\u00e7\u00e3o da exclus\u00e3o social atrav\u00e9s das parcerias.<\/li>\n<\/ul>\n<p>&nbsp;<\/p>\n","protected":false},"excerpt":{"rendered":"<p>&nbsp; Aumentar o \u00cdndice de Desenvolvimento Humano (IDH) de Jo\u00e3o Pessoa e Cabedelo atrav\u00e9s da diminui\u00e7\u00e3o dos exclu\u00eddos digitalmente Possibilitar avan\u00e7os sociais \u00e0s classes mais baixas atrav\u00e9s do ingresso diferenciado ao mercado de trabalho Aumentar a renda familiar atrav\u00e9s da educa\u00e7\u00e3o digital que permite a ocupa\u00e7\u00e3o de melhores postos de trabalho Diminuir o abandono da [&hellip;]<\/p>\n","protected":false},"author":2,"featured_media":0,"parent":207,"menu_order":4,"comment_status":"open","ping_status":"open","template":"","meta":{"_bbp_topic_count":0,"_bbp_reply_count":0,"_bbp_total_topic_count":0,"_bbp_total_reply_count":0,"_bbp_voice_count":0,"_bbp_anonymous_reply_count":0,"_bbp_topic_count_hidden":0,"_bbp_reply_count_hidden":0,"_bbp_forum_subforum_count":0,"ngg_post_thumbnail":0,"footnotes":""},"class_list":["post-15","page","type-page","status-publish","czr-hentry"],"_links":{"self":[{"href":"https:\/\/pid.iesp.edu.br\/index.php\/wp-json\/wp\/v2\/pages\/15","targetHints":{"allow":["GET"]}}],"collection":[{"href":"https:\/\/pid.iesp.edu.br\/index.php\/wp-json\/wp\/v2\/pages"}],"about":[{"href":"https:\/\/pid.iesp.edu.br\/index.php\/wp-json\/wp\/v2\/types\/page"}],"author":[{"embeddable":true,"href":"https:\/\/pid.iesp.edu.br\/index.php\/wp-json\/wp\/v2\/users\/2"}],"replies":[{"embeddable":true,"href":"https:\/\/pid.iesp.edu.br\/index.php\/wp-json\/wp\/v2\/comments?post=15"}],"version-history":[{"count":11,"href":"https:\/\/pid.iesp.edu.br\/index.php\/wp-json\/wp\/v2\/pages\/15\/revisions"}],"predecessor-version":[{"id":941,"href":"https:\/\/pid.iesp.edu.br\/index.php\/wp-json\/wp\/v2\/pages\/15\/revisions\/941"}],"up":[{"embeddable":true,"href":"https:\/\/pid.iesp.edu.br\/index.php\/wp-json\/wp\/v2\/pages\/207"}],"wp:attachment":[{"href":"https:\/\/pid.iesp.edu.br\/index.php\/wp-json\/wp\/v2\/media?parent=15"}],"curies":[{"name":"wp","href":"https:\/\/api.w.org\/{rel}","templated":true}]}}