{"id":11,"date":"2014-12-17T14:27:58","date_gmt":"2014-12-17T14:27:58","guid":{"rendered":"http:\/\/localhost:8080\/pid\/?page_id=11"},"modified":"2016-03-16T02:09:06","modified_gmt":"2016-03-16T02:09:06","slug":"justificativa","status":"publish","type":"page","link":"https:\/\/pid.iesp.edu.br\/index.php\/o-projeto\/justificativa\/","title":{"rendered":"Justificativa"},"content":{"rendered":"<p style=\"text-align: justify;\">Necessidade de se fazer a inclus\u00e3o socioecon\u00f4mica e humana das pessoas, procurando a igualdade de oportunidade e direitos. A inclus\u00e3o social \u00e9 a democratiza\u00e7\u00e3o do acesso a tecnologia da informa\u00e7\u00e3o, um modo de educa\u00e7\u00e3o que visa propiciar a todos a inclus\u00e3o na computa\u00e7\u00e3o.<\/p>\n<p style=\"text-align: justify;\">Considerando a situa\u00e7\u00e3o socioecon\u00f4mica das comunidades existentes em Jo\u00e3o Pessoa e Cabedelo foi escolhido os adolescentes que nunca tiveram condi\u00e7\u00f5es dispon\u00edveis.<\/p>\n","protected":false},"excerpt":{"rendered":"<p>Necessidade de se fazer a inclus\u00e3o socioecon\u00f4mica e humana das pessoas, procurando a igualdade de oportunidade e direitos. A inclus\u00e3o social \u00e9 a democratiza\u00e7\u00e3o do acesso a tecnologia da informa\u00e7\u00e3o, um modo de educa\u00e7\u00e3o que visa propiciar a todos a inclus\u00e3o na computa\u00e7\u00e3o. Considerando a situa\u00e7\u00e3o socioecon\u00f4mica das comunidades existentes em Jo\u00e3o Pessoa e Cabedelo [&hellip;]<\/p>\n","protected":false},"author":2,"featured_media":890,"parent":207,"menu_order":2,"comment_status":"open","ping_status":"open","template":"","meta":{"_bbp_topic_count":0,"_bbp_reply_count":0,"_bbp_total_topic_count":0,"_bbp_total_reply_count":0,"_bbp_voice_count":0,"_bbp_anonymous_reply_count":0,"_bbp_topic_count_hidden":0,"_bbp_reply_count_hidden":0,"_bbp_forum_subforum_count":0,"ngg_post_thumbnail":0,"footnotes":""},"class_list":["post-11","page","type-page","status-publish","has-post-thumbnail","czr-hentry"],"_links":{"self":[{"href":"https:\/\/pid.iesp.edu.br\/index.php\/wp-json\/wp\/v2\/pages\/11","targetHints":{"allow":["GET"]}}],"collection":[{"href":"https:\/\/pid.iesp.edu.br\/index.php\/wp-json\/wp\/v2\/pages"}],"about":[{"href":"https:\/\/pid.iesp.edu.br\/index.php\/wp-json\/wp\/v2\/types\/page"}],"author":[{"embeddable":true,"href":"https:\/\/pid.iesp.edu.br\/index.php\/wp-json\/wp\/v2\/users\/2"}],"replies":[{"embeddable":true,"href":"https:\/\/pid.iesp.edu.br\/index.php\/wp-json\/wp\/v2\/comments?post=11"}],"version-history":[{"count":2,"href":"https:\/\/pid.iesp.edu.br\/index.php\/wp-json\/wp\/v2\/pages\/11\/revisions"}],"predecessor-version":[{"id":81,"href":"https:\/\/pid.iesp.edu.br\/index.php\/wp-json\/wp\/v2\/pages\/11\/revisions\/81"}],"up":[{"embeddable":true,"href":"https:\/\/pid.iesp.edu.br\/index.php\/wp-json\/wp\/v2\/pages\/207"}],"wp:featuredmedia":[{"embeddable":true,"href":"https:\/\/pid.iesp.edu.br\/index.php\/wp-json\/wp\/v2\/media\/890"}],"wp:attachment":[{"href":"https:\/\/pid.iesp.edu.br\/index.php\/wp-json\/wp\/v2\/media?parent=11"}],"curies":[{"name":"wp","href":"https:\/\/api.w.org\/{rel}","templated":true}]}}